{"id":938,"date":"2018-08-24T10:25:58","date_gmt":"2018-08-24T08:25:58","guid":{"rendered":"http:\/\/laboragora.com\/?page_id=938"},"modified":"2023-08-20T07:49:24","modified_gmt":"2023-08-20T05:49:24","slug":"a-propos","status":"publish","type":"page","link":"https:\/\/laboragora.com\/index.php\/a-propos\/","title":{"rendered":"A propos"},"content":{"rendered":"<div class=\"wp-block-image\">\n<figure class=\"aligncenter size-thumbnail\"><img loading=\"lazy\" decoding=\"async\" width=\"150\" height=\"150\" src=\"https:\/\/laboragora.com\/wp-content\/uploads\/2023\/08\/Slide1-150x150.png\" alt=\"\" class=\"wp-image-2088\" srcset=\"https:\/\/laboragora.com\/wp-content\/uploads\/2023\/08\/Slide1-150x150.png 150w, https:\/\/laboragora.com\/wp-content\/uploads\/2023\/08\/Slide1-300x300.png 300w, https:\/\/laboragora.com\/wp-content\/uploads\/2023\/08\/Slide1-1024x1024.png 1024w, https:\/\/laboragora.com\/wp-content\/uploads\/2023\/08\/Slide1-768x768.png 768w, https:\/\/laboragora.com\/wp-content\/uploads\/2023\/08\/Slide1-1536x1536.png 1536w, https:\/\/laboragora.com\/wp-content\/uploads\/2023\/08\/Slide1-60x60.png 60w, https:\/\/laboragora.com\/wp-content\/uploads\/2023\/08\/Slide1.png 1890w\" sizes=\"auto, (max-width: 150px) 100vw, 150px\" \/><\/figure><\/div>\n\n\n<div style=\"height:20px\" aria-hidden=\"true\" class=\"wp-block-spacer\"><\/div>\n\n\n\n<h2 class=\"wp-block-heading has-text-align-center\">Notre conviction<\/h2>\n\n\n\n<p class=\"has-text-align-center\">L&rsquo;id\u00e9e de <strong>LABOR\u2022AGORA<\/strong> nous est venue, \u00e0 mon ami Vincent et \u00e0 moi-m\u00eame, quand nous \u00e9tions encore \u00e9tudiants en master.<\/p>\n\n\n\n<p class=\"has-text-align-center\">Nous portions d\u00e9j\u00e0 la conviction que les <strong>sciences sociales sont d&rsquo;une richesse incroyable<\/strong>. Leurs connaissances et leurs m\u00e9thodes sont un tr\u00e9sor, capable de b\u00e9n\u00e9ficier autant aux <strong>entreprises <\/strong>qu&rsquo;aux <strong>personnes <\/strong>qui les composent.<\/p>\n\n\n\n<p class=\"has-text-align-center\">Dipl\u00f4m\u00e9s depuis plusieurs ann\u00e9es maintenant, notre conviction et notre passion n&rsquo;ont pas chang\u00e9. Gr\u00e2ce \u00e0 LABOR\u2022AGORA, nous voulons transmettre la richesse de la recherche scientifique aux professionnel\u00b7le\u00b7s, aux \u00e9tudiant\u00b7e\u00b7s ou simplement \u00e0 celles et ceux qui veulent <strong>d\u00e9couvrir l&rsquo;humain dans sa complexit\u00e9<\/strong> !<\/p>\n\n\n\n<p class=\"has-text-align-right\">Benjamin<\/p>\n\n\n\n<h2 class=\"wp-block-heading has-text-align-center\">Nos valeurs<\/h2>\n\n\n\n<p class=\"has-text-align-center\">LABOR\u2022AGORA n&rsquo;est pas un blog comme les autres. En le cr\u00e9ant, notre objectif a \u00e9t\u00e9 de partager au plus grand nombre la richesse des connaissances scientifiques et de les appliquer au monde du travail. <strong>Partage et science<\/strong> se refl\u00e8tent dans nos valeurs.<\/p>\n\n\n\n<div class=\"wp-block-columns is-layout-flex wp-container-core-columns-is-layout-1 wp-block-columns-is-layout-flex\">\n<div class=\"wp-block-column is-layout-flow wp-block-column-is-layout-flow\">\n<h3 class=\"wp-block-heading\">Le libre partage<\/h3>\n\n\n\n<p>Tous les articles de LABOR\u2022AGORA sont sous licence <strong>Creative Commons<\/strong>.<\/p>\n\n\n\n<p>Ainsi, ils peuvent \u00eatre partag\u00e9s librement, sous r\u00e9serve de :<br>&#8211; mentionner leurs auteur-e-s,<br>&#8211; ne pas en faire une utilisation commerciale,<br>&#8211; ne pas les modifier. <\/p>\n<\/div>\n\n\n\n<div class=\"wp-block-column is-layout-flow wp-block-column-is-layout-flow\">\n<h3 class=\"wp-block-heading\">La citation de sources<\/h3>\n\n\n\n<p>Nous tenons \u00e0 ce que nos autrices et auteurs citent leurs sources.<\/p>\n\n\n\n<p>Il s\u2019agit pour nous d\u2019<strong>\u00e9thique<\/strong>, mais aussi de <strong>respect \u00e0 l\u2019\u00e9gard des lecteurs et des lectrices. <\/strong>La citation de sources garantit la <strong>transparence <\/strong>des propos soutenus dans chaque l\u2019article.<\/p>\n\n\n\n<p>La tr\u00e8s grande majorit\u00e9 de nos sources est issue de la recherche scientifique, afin de garantir le meilleur \u00e0 notre lectorat !<\/p>\n<\/div>\n<\/div>\n\n\n\n<h2 class=\"wp-block-heading has-text-align-center\">Nous contacter<\/h2>\n\n\n\n<p class=\"has-text-align-center\">Vous d\u00e9sirez nous contacter ?<br>L&rsquo;adresse ci-dessous est \u00e0 votre disposition :<\/p>\n\n\n\n<p class=\"has-text-align-center\"><a href=\"mailto:contact@laboragora.com\"><strong>contact@laboragora.com<\/strong><\/a><\/p>\n\n\n\n<p class=\"has-text-align-center\">Nous serons ravis de vous r\u00e9pondre !<\/p>\n","protected":false},"excerpt":{"rendered":"<p>Notre conviction L&rsquo;id\u00e9e de LABOR\u2022AGORA nous est venue, \u00e0 mon ami Vincent et \u00e0 moi-m\u00eame, quand nous \u00e9tions encore \u00e9tudiants en master. Nous portions d\u00e9j\u00e0 &hellip; <\/p>\n","protected":false},"author":1,"featured_media":0,"parent":0,"menu_order":0,"comment_status":"closed","ping_status":"closed","template":"","meta":{"footnotes":""},"class_list":["post-938","page","type-page","status-publish","hentry"],"yoast_head":"<!-- This site is optimized with the Yoast SEO plugin v25.5 - https:\/\/yoast.com\/wordpress\/plugins\/seo\/ -->\n<title>A propos - LaborAgora<\/title>\n<meta name=\"robots\" content=\"index, follow, max-snippet:-1, max-image-preview:large, max-video-preview:-1\" \/>\n<link rel=\"canonical\" href=\"https:\/\/laboragora.com\/index.php\/a-propos\/\" \/>\n<meta property=\"og:locale\" content=\"fr_FR\" \/>\n<meta property=\"og:type\" content=\"article\" \/>\n<meta property=\"og:title\" content=\"A propos - LaborAgora\" \/>\n<meta property=\"og:description\" content=\"Notre conviction L&rsquo;id\u00e9e de LABOR\u2022AGORA nous est venue, \u00e0 mon ami Vincent et \u00e0 moi-m\u00eame, quand nous \u00e9tions encore \u00e9tudiants en master. Nous portions d\u00e9j\u00e0 &hellip;\" \/>\n<meta property=\"og:url\" content=\"https:\/\/laboragora.com\/index.php\/a-propos\/\" \/>\n<meta property=\"og:site_name\" content=\"LaborAgora\" \/>\n<meta property=\"article:modified_time\" content=\"2023-08-20T05:49:24+00:00\" \/>\n<meta property=\"og:image\" content=\"https:\/\/laboragora.com\/wp-content\/uploads\/2023\/08\/Slide1-150x150.png\" \/>\n<meta name=\"twitter:card\" content=\"summary_large_image\" \/>\n<meta name=\"twitter:site\" content=\"@LaborAgora\" \/>\n<meta name=\"twitter:label1\" content=\"Dur\u00e9e de lecture estim\u00e9e\" \/>\n\t<meta name=\"twitter:data1\" content=\"2 minutes\" \/>\n<script type=\"application\/ld+json\" class=\"yoast-schema-graph\">{\"@context\":\"https:\/\/schema.org\",\"@graph\":[{\"@type\":\"WebPage\",\"@id\":\"https:\/\/laboragora.com\/index.php\/a-propos\/\",\"url\":\"https:\/\/laboragora.com\/index.php\/a-propos\/\",\"name\":\"A propos - LaborAgora\",\"isPartOf\":{\"@id\":\"https:\/\/laboragora.com\/#website\"},\"primaryImageOfPage\":{\"@id\":\"https:\/\/laboragora.com\/index.php\/a-propos\/#primaryimage\"},\"image\":{\"@id\":\"https:\/\/laboragora.com\/index.php\/a-propos\/#primaryimage\"},\"thumbnailUrl\":\"https:\/\/laboragora.com\/wp-content\/uploads\/2023\/08\/Slide1-150x150.png\",\"datePublished\":\"2018-08-24T08:25:58+00:00\",\"dateModified\":\"2023-08-20T05:49:24+00:00\",\"breadcrumb\":{\"@id\":\"https:\/\/laboragora.com\/index.php\/a-propos\/#breadcrumb\"},\"inLanguage\":\"fr-FR\",\"potentialAction\":[{\"@type\":\"ReadAction\",\"target\":[\"https:\/\/laboragora.com\/index.php\/a-propos\/\"]}]},{\"@type\":\"ImageObject\",\"inLanguage\":\"fr-FR\",\"@id\":\"https:\/\/laboragora.com\/index.php\/a-propos\/#primaryimage\",\"url\":\"https:\/\/laboragora.com\/wp-content\/uploads\/2023\/08\/Slide1.png\",\"contentUrl\":\"https:\/\/laboragora.com\/wp-content\/uploads\/2023\/08\/Slide1.png\",\"width\":1890,\"height\":1890},{\"@type\":\"BreadcrumbList\",\"@id\":\"https:\/\/laboragora.com\/index.php\/a-propos\/#breadcrumb\",\"itemListElement\":[{\"@type\":\"ListItem\",\"position\":1,\"name\":\"Accueil\",\"item\":\"https:\/\/laboragora.com\/\"},{\"@type\":\"ListItem\",\"position\":2,\"name\":\"A propos\"}]},{\"@type\":\"WebSite\",\"@id\":\"https:\/\/laboragora.com\/#website\",\"url\":\"https:\/\/laboragora.com\/\",\"name\":\"LaborAgora\",\"description\":\"De la recherche scientifique au management\",\"publisher\":{\"@id\":\"https:\/\/laboragora.com\/#organization\"},\"potentialAction\":[{\"@type\":\"SearchAction\",\"target\":{\"@type\":\"EntryPoint\",\"urlTemplate\":\"https:\/\/laboragora.com\/?s={search_term_string}\"},\"query-input\":{\"@type\":\"PropertyValueSpecification\",\"valueRequired\":true,\"valueName\":\"search_term_string\"}}],\"inLanguage\":\"fr-FR\"},{\"@type\":\"Organization\",\"@id\":\"https:\/\/laboragora.com\/#organization\",\"name\":\"LaborAgora\",\"url\":\"https:\/\/laboragora.com\/\",\"logo\":{\"@type\":\"ImageObject\",\"inLanguage\":\"fr-FR\",\"@id\":\"https:\/\/laboragora.com\/#\/schema\/logo\/image\/\",\"url\":\"https:\/\/laboragora.com\/wp-content\/uploads\/2023\/08\/Slide1-1.png\",\"contentUrl\":\"https:\/\/laboragora.com\/wp-content\/uploads\/2023\/08\/Slide1-1.png\",\"width\":2646,\"height\":720,\"caption\":\"LaborAgora\"},\"image\":{\"@id\":\"https:\/\/laboragora.com\/#\/schema\/logo\/image\/\"},\"sameAs\":[\"https:\/\/x.com\/LaborAgora\"]}]}<\/script>\n<!-- \/ Yoast SEO plugin. -->","yoast_head_json":{"title":"A propos - LaborAgora","robots":{"index":"index","follow":"follow","max-snippet":"max-snippet:-1","max-image-preview":"max-image-preview:large","max-video-preview":"max-video-preview:-1"},"canonical":"https:\/\/laboragora.com\/index.php\/a-propos\/","og_locale":"fr_FR","og_type":"article","og_title":"A propos - LaborAgora","og_description":"Notre conviction L&rsquo;id\u00e9e de LABOR\u2022AGORA nous est venue, \u00e0 mon ami Vincent et \u00e0 moi-m\u00eame, quand nous \u00e9tions encore \u00e9tudiants en master. Nous portions d\u00e9j\u00e0 &hellip;","og_url":"https:\/\/laboragora.com\/index.php\/a-propos\/","og_site_name":"LaborAgora","article_modified_time":"2023-08-20T05:49:24+00:00","og_image":[{"url":"https:\/\/laboragora.com\/wp-content\/uploads\/2023\/08\/Slide1-150x150.png","type":"","width":"","height":""}],"twitter_card":"summary_large_image","twitter_site":"@LaborAgora","twitter_misc":{"Dur\u00e9e de lecture estim\u00e9e":"2 minutes"},"schema":{"@context":"https:\/\/schema.org","@graph":[{"@type":"WebPage","@id":"https:\/\/laboragora.com\/index.php\/a-propos\/","url":"https:\/\/laboragora.com\/index.php\/a-propos\/","name":"A propos - LaborAgora","isPartOf":{"@id":"https:\/\/laboragora.com\/#website"},"primaryImageOfPage":{"@id":"https:\/\/laboragora.com\/index.php\/a-propos\/#primaryimage"},"image":{"@id":"https:\/\/laboragora.com\/index.php\/a-propos\/#primaryimage"},"thumbnailUrl":"https:\/\/laboragora.com\/wp-content\/uploads\/2023\/08\/Slide1-150x150.png","datePublished":"2018-08-24T08:25:58+00:00","dateModified":"2023-08-20T05:49:24+00:00","breadcrumb":{"@id":"https:\/\/laboragora.com\/index.php\/a-propos\/#breadcrumb"},"inLanguage":"fr-FR","potentialAction":[{"@type":"ReadAction","target":["https:\/\/laboragora.com\/index.php\/a-propos\/"]}]},{"@type":"ImageObject","inLanguage":"fr-FR","@id":"https:\/\/laboragora.com\/index.php\/a-propos\/#primaryimage","url":"https:\/\/laboragora.com\/wp-content\/uploads\/2023\/08\/Slide1.png","contentUrl":"https:\/\/laboragora.com\/wp-content\/uploads\/2023\/08\/Slide1.png","width":1890,"height":1890},{"@type":"BreadcrumbList","@id":"https:\/\/laboragora.com\/index.php\/a-propos\/#breadcrumb","itemListElement":[{"@type":"ListItem","position":1,"name":"Accueil","item":"https:\/\/laboragora.com\/"},{"@type":"ListItem","position":2,"name":"A propos"}]},{"@type":"WebSite","@id":"https:\/\/laboragora.com\/#website","url":"https:\/\/laboragora.com\/","name":"LaborAgora","description":"De la recherche scientifique au management","publisher":{"@id":"https:\/\/laboragora.com\/#organization"},"potentialAction":[{"@type":"SearchAction","target":{"@type":"EntryPoint","urlTemplate":"https:\/\/laboragora.com\/?s={search_term_string}"},"query-input":{"@type":"PropertyValueSpecification","valueRequired":true,"valueName":"search_term_string"}}],"inLanguage":"fr-FR"},{"@type":"Organization","@id":"https:\/\/laboragora.com\/#organization","name":"LaborAgora","url":"https:\/\/laboragora.com\/","logo":{"@type":"ImageObject","inLanguage":"fr-FR","@id":"https:\/\/laboragora.com\/#\/schema\/logo\/image\/","url":"https:\/\/laboragora.com\/wp-content\/uploads\/2023\/08\/Slide1-1.png","contentUrl":"https:\/\/laboragora.com\/wp-content\/uploads\/2023\/08\/Slide1-1.png","width":2646,"height":720,"caption":"LaborAgora"},"image":{"@id":"https:\/\/laboragora.com\/#\/schema\/logo\/image\/"},"sameAs":["https:\/\/x.com\/LaborAgora"]}]}},"_links":{"self":[{"href":"https:\/\/laboragora.com\/index.php\/wp-json\/wp\/v2\/pages\/938","targetHints":{"allow":["GET"]}}],"collection":[{"href":"https:\/\/laboragora.com\/index.php\/wp-json\/wp\/v2\/pages"}],"about":[{"href":"https:\/\/laboragora.com\/index.php\/wp-json\/wp\/v2\/types\/page"}],"author":[{"embeddable":true,"href":"https:\/\/laboragora.com\/index.php\/wp-json\/wp\/v2\/users\/1"}],"replies":[{"embeddable":true,"href":"https:\/\/laboragora.com\/index.php\/wp-json\/wp\/v2\/comments?post=938"}],"version-history":[{"count":9,"href":"https:\/\/laboragora.com\/index.php\/wp-json\/wp\/v2\/pages\/938\/revisions"}],"predecessor-version":[{"id":2094,"href":"https:\/\/laboragora.com\/index.php\/wp-json\/wp\/v2\/pages\/938\/revisions\/2094"}],"wp:attachment":[{"href":"https:\/\/laboragora.com\/index.php\/wp-json\/wp\/v2\/media?parent=938"}],"curies":[{"name":"wp","href":"https:\/\/api.w.org\/{rel}","templated":true}]}}